{"id":10,"date":"2021-12-10T21:51:54","date_gmt":"2021-12-10T20:51:54","guid":{"rendered":"https:\/\/www.gogreenonlus.com\/?page_id=10"},"modified":"2026-02-17T11:30:57","modified_gmt":"2026-02-17T10:30:57","slug":"progetti-in-corso","status":"publish","type":"page","link":"https:\/\/www.gogreenonlus.com\/index.php\/progetti-in-corso\/","title":{"rendered":"Progetti in corso"},"content":{"rendered":"<section class=\"wpb-content-wrapper\"><p>[vc_row full_height=&#8221;yes&#8221; content_placement=&#8221;top&#8221;][vc_column][vc_single_image image=&#8221;1781&#8243; img_size=&#8221;650&#215;350&#8243; alignment=&#8221;center&#8221; style=&#8221;vc_box_rounded&#8221; onclick=&#8221;custom_link&#8221; css_animation=&#8221;fadeInDown&#8221; link=&#8221;https:\/\/www.retedeldono.it\/progetto\/la-pista-di-filippide-al-bambino-gesu&#8221;][vc_row_inner][vc_column_inner][vc_column_text]<\/p>\n<h1 style=\"text-align: center;\"><a href=\"https:\/\/www.retedeldono.it\/progetto\/la-pista-di-filippide-al-bambino-gesu\">Una pista per l\u2019Ospedale Bambino Ges\u00f9<\/a><\/h1>\n<p style=\"text-align: center;\"><strong>La pista di Filippide \u2013 Correre per rinascere<\/strong><\/p>\n<p>[\/vc_column_text][vc_column_text css_animation=&#8221;fadeIn&#8221;]<\/p>\n<div style=\"max-width: 420px; margin: auto;\">\n<p><video style=\"width: 100%; height: auto;\" poster=\"http:\/\/www.gogreenonlus.com\/wp-content\/uploads\/2026\/02\/Immagine-2026-02-17-112515.png\" preload=\"metadata\" controls=\"controls\" width=\"300\" height=\"150\"><source src=\"https:\/\/www.gogreenonlus.com\/wp-content\/uploads\/2026\/02\/Gessica-Della-Bella_Intervista-verticale.mp4\" type=\"video\/mp4\" \/>&nbsp;<\/p>\n<p>&nbsp;<\/p>\n<p><\/video><\/p>\n<\/div>\n<p>[\/vc_column_text][vc_column_text css_animation=&#8221;fadeInLeft&#8221;]Il progetto \u201cLa pista di Filippide\u201d nasce dal desiderio di offrire ai piccoli pazienti dell\u2019Ospedale Pediatrico Bambino Ges\u00f9 uno spazio all\u2019aperto dove correre, muoversi e ritrovare un po\u2019 di normalit\u00e0 durante i periodi di cura.<\/p>\n<p>Una pista di atletica, semplice ma preziosa, diventa un simbolo di forza, speranza e rinascita.<\/p>\n<p>Attraverso lo sport, i bambini possono riscoprire il piacere del gioco e della libert\u00e0 di movimento, elementi fondamentali nel loro percorso di guarigione.<\/p>\n<p><strong>Un progetto di solidariet\u00e0 e sostenibilit\u00e0<\/strong><\/p>\n<p>\u201cLa pista di Filippide\u201d fa parte dell\u2019iniziativa pi\u00f9 ampia <em>\u201cLo sport proprio per tutti\u201d<\/em>, promossa dalla <strong>Fondazione Bambino Ges\u00f9<\/strong>\u00a0con il contributo di partner impegnati nella sostenibilit\u00e0: <strong>Associazione GOGREEN<\/strong>, <strong>Fondazione GNAO1<\/strong>, <strong>Fondazione DECATHLON<\/strong>\u00a0e l\u2019<strong>Ospedale Pediatrico Bambino Ges\u00f9<\/strong>\u00a0stesso.<\/p>\n<p>Insieme, vogliamo trasformare l\u2019energia dello sport in un messaggio di solidariet\u00e0 e di rispetto per l\u2019ambiente, offrendo ai bambini un luogo che li aiuti a sentirsi di nuovo forti e vivi.<\/p>\n<p><strong>Dallo sport nasce il riciclo: la raccolta delle sneakers e delle palline da tennis<\/strong><\/p>\n<p>Per realizzare la pista, abbiamo deciso di coinvolgere direttamente l\u2019Ospedale e tutte le persone che lo vivono ogni giorno: bambini, famiglie, personale e visitatori.<\/p>\n<p>Grazie al progetto <strong>esosport RUN<\/strong>, Associazione GOGREEN posizioner\u00e0 presso i diversi siti dell\u2019Ospedale Pediatrico Bambino Ges\u00f9 \u2014 a partire dal polo di <strong>Palidoro<\/strong>\u00a0\u2014 una serie di contenitori <strong>ESObox<\/strong>, dedicati alla raccolta delle <strong>scarpe sportive esauste e delle palline da tennis usate<\/strong>.<\/p>\n<p>Ogni ESObox diventa un piccolo punto di educazione ambientale: qui le sneakers e le palline, invece di diventare rifiuti, trovano una nuova vita.<\/p>\n<p>Attraverso un processo di <strong>riciclo meccanico e circolare<\/strong>, le scarpe e le palline raccolte saranno trasformate in una nuova materia prima seconda, con cui verranno realizzate superfici sportive \u2014 come appunto la pista di atletica dei piccoli pazienti.<\/p>\n<p>In questo modo, ogni gesto di attenzione all\u2019ambiente diventa un passo concreto verso la costruzione della pista stessa.<\/p>\n<p><strong>Un sogno da costruire insieme<\/strong><\/p>\n<p>La raccolta fondi su <strong>Rete del Dono<\/strong>\u00a0contribuir\u00e0 alla realizzazione di questo sogno: una pista di atletica dove ogni passo rappresenta una piccola grande vittoria.<\/p>\n<p>Partecipare significa sostenere un progetto che unisce salute, sport e ambiente, per dare ai bambini dell\u2019Ospedale Pediatrico Bambino Ges\u00f9 un luogo dove ritrovare energia, sorriso e libert\u00e0 di movimento.<\/p>\n<p><span data-olk-copy-source=\"MessageBody\"><strong>Un&#8217;ulteriore finalit\u00e0 per i bambini con ridotta mobilit\u00e0<\/strong><\/span><\/p>\n<p>La pista sar\u00e0 importante non solo per il gioco e la riabilitazione, ma anche per l\u2019apprendimento dell\u2019uso di ausili tecnologici per la mobilit\u00e0 e lo sport adattato. Sar\u00e0 inoltre un fondamentale strumento per i test delle protesi, supportando i bambini con ridotta mobilit\u00e0 in terapia presso il nostro reparto.<\/p>\n<p><strong>Dona ora e aiutaci a costruire la pista di Filippide: dove ogni scarpa, ogni pallina e ogni contributo diventano una corsa verso la speranza:<\/strong><\/p>\n<p><a href=\"https:\/\/www.retedeldono.it\/progetto\/la-pista-di-filippide-al-bambino-gesu\"><strong>https:\/\/www.retedeldono.it\/progetto\/la-pista-di-filippide-al-bambino-gesu<\/strong><\/a>[\/vc_column_text][\/vc_column_inner][\/vc_row_inner][\/vc_column][\/vc_row][vc_row css=&#8221;.vc_custom_1771263591980{margin-top: 0px !important;margin-right: 0px !important;margin-bottom: 0px !important;margin-left: 0px !important;padding-top: 0px !important;padding-right: 0px !important;padding-bottom: 0px !important;padding-left: 0px !important;background-position: center !important;background-repeat: no-repeat !important;background-size: contain !important;}&#8221; el_class=&#8221;fix-center-carousel&#8221;][vc_column css_animation=&#8221;fadeIn&#8221; css=&#8221;.vc_custom_1771324255542{margin-top: 0px !important;margin-right: 0px !important;margin-bottom: 0px !important;margin-left: 0px !important;padding-top: 0px !important;padding-right: 0px !important;padding-bottom: 0px !important;padding-left: 0px !important;}&#8221;][vc_images_carousel images=&#8221;1780,1779,1775,1778,1776,1777&#8243; img_size=&#8221;large&#8221; autoplay=&#8221;yes&#8221; css=&#8221;.vc_custom_1771263191553{margin: 0px !important;padding: 0px !important;border: 0px initial !important;}&#8221;][\/vc_column][\/vc_row]<\/p>\n<\/section>","protected":false},"excerpt":{"rendered":"<p>[vc_row full_height=&#8221;yes&#8221; content_placement=&#8221;top&#8221;][vc_column][vc_single_image image=&#8221;1781&#8243; img_size=&#8221;650&#215;350&#8243; alignment=&#8221;center&#8221; style=&#8221;vc_box_rounded&#8221; onclick=&#8221;custom_link&#8221; css_animation=&#8221;fadeInDown&#8221; link=&#8221;https:\/\/www.retedeldono.it\/progetto\/la-pista-di-filippide-al-bambino-gesu&#8221;][vc_row_inner][vc_column_inner][vc_column_text] Una pista per l\u2019Ospedale Bambino Ges\u00f9 La pista di Filippide \u2013 Correre per rinascere [\/vc_column_text][vc_column_text css_animation=&#8221;fadeIn&#8221;] &nbsp; &nbsp; [\/vc_column_text][vc_column_text css_animation=&#8221;fadeInLeft&#8221;]Il progetto \u201cLa pista di Filippide\u201d nasce dal desiderio di offrire ai piccoli pazienti dell\u2019Ospedale Pediatrico Bambino Ges\u00f9 uno spazio all\u2019aperto dove correre, muoversi e ritrovare un po\u2019 di normalit\u00e0 durante i periodi di cura. Una pista di atletica, semplice ma preziosa, diventa un simbolo di forza, speranza e rinascita. Attraverso lo sport, i bambini possono riscoprire il piacere del gioco e della libert\u00e0 di movimento, elementi fondamentali nel loro percorso [\u2026]<\/p>\n","protected":false},"author":1,"featured_media":0,"parent":0,"menu_order":0,"comment_status":"closed","ping_status":"closed","template":"","meta":[],"acf":[],"_links":{"self":[{"href":"https:\/\/www.gogreenonlus.com\/index.php\/wp-json\/wp\/v2\/pages\/10"}],"collection":[{"href":"https:\/\/www.gogreenonlus.com\/index.php\/wp-json\/wp\/v2\/pages"}],"about":[{"href":"https:\/\/www.gogreenonlus.com\/index.php\/wp-json\/wp\/v2\/types\/page"}],"author":[{"embeddable":true,"href":"https:\/\/www.gogreenonlus.com\/index.php\/wp-json\/wp\/v2\/users\/1"}],"replies":[{"embeddable":true,"href":"https:\/\/www.gogreenonlus.com\/index.php\/wp-json\/wp\/v2\/comments?post=10"}],"version-history":[{"count":59,"href":"https:\/\/www.gogreenonlus.com\/index.php\/wp-json\/wp\/v2\/pages\/10\/revisions"}],"predecessor-version":[{"id":1838,"href":"https:\/\/www.gogreenonlus.com\/index.php\/wp-json\/wp\/v2\/pages\/10\/revisions\/1838"}],"wp:attachment":[{"href":"https:\/\/www.gogreenonlus.com\/index.php\/wp-json\/wp\/v2\/media?parent=10"}],"curies":[{"name":"wp","href":"https:\/\/api.w.org\/{rel}","templated":true}]}}