{"id":1410,"date":"2022-07-01T12:04:45","date_gmt":"2022-07-01T10:04:45","guid":{"rendered":"https:\/\/www.gogreenonlus.com\/?page_id=1410"},"modified":"2022-07-01T12:27:42","modified_gmt":"2022-07-01T10:27:42","slug":"07-05-2022-al-parco-john-lennon-nasce-il-parco-giochi-per-bambini-il-giardino-di-betty","status":"publish","type":"page","link":"https:\/\/www.gogreenonlus.com\/index.php\/07-05-2022-al-parco-john-lennon-nasce-il-parco-giochi-per-bambini-il-giardino-di-betty\/","title":{"rendered":"07.05.2022 Al parco John Lennon nasce Il parco giochi per bambini &#8220;Il giardino di Betty&#8221;"},"content":{"rendered":"<section class=\"wpb-content-wrapper\"><p>[vc_row][vc_column][vc_single_image image=&#8221;1412&#8243; img_size=&#8221;full&#8221; alignment=&#8221;center&#8221;][vc_empty_space height=&#8221;50px&#8221;][\/vc_column][\/vc_row][vc_row][vc_column][vc_column_text]<\/p>\n<h1 class=\"entry-title\" style=\"text-align: center;\"><span style=\"color: #000000;\">07.05.2022 Al parco John Lennon nasce Il parco giochi per bambini \u201cIl giardino di BETTY\u201d<\/span><\/h1>\n<p>[\/vc_column_text][\/vc_column][\/vc_row][vc_row][vc_column][vc_column_text]Grande attesa, dopo i lavori di questi ultimi mesi, per l\u2019inaugurazione sabato 7 maggio, alle ore 10.00, dei Giardini pubblici \u201cJohn Lennon\u201d al cui interno \u00e8 stato anche realizzato il \u201cGiardino di Betty\u201d, parco giochi con la speciale pavimentazione realizzata con il riciclo di materiale sportivo esausto grazie all\u2019iniziativa esosport, che si occupa della raccolta in tutta Italia di scarpe sportive, copertoni e camere d\u2019aria di biciclette, palline da tennis e padel.<\/p>\n<p>Il progetto ha interessato la riqualificazione del parco pubblico \u201cJ. Lennon\u201d situato al centro del Comune di Tolentino, nei pressi del Palazzo Europa, delimitato perimetralmente da Piazzale Europa, Viale Giacomo Matteotti e Viale Vittorio Veneto.<\/p>\n\n<p>Il parco riveste una notevole importanza per la vita sociale della citt\u00e0, in quanto \u00e8 il parco cittadino<\/p>\n\n<p>attrezzato pi\u00f9 vicino al centro storico, punto di ritrovo di numerose generazioni: da quelle pi\u00f9 piccole che hanno a disposizione giochi per l\u2019intrattenimento ed un\u2019ampia area per lo svago, cosi come anziani che vedono in questo piccolo polmone verde una zona di relax e tranquillit\u00e0.&nbsp;<\/p>\n\n<p>Il progetto voleva eliminare tutte le criticit\u00e0 dovute al passare degli anni, migliorando il decoro urbano, l\u2019arredamento, la fruibilit\u00e0 e sicurezza del parco.<\/p>\n\n<p>Pertanto si \u00e8 proceduto alla rimozione di tutti gli elementi di arredo urbano siano essi panchine o cestini porta rifiuti e loro sostituzione con elementi nuovi; alla demolizione della pavimentazione presente sulla zona centrale del parco in quanto non pi\u00f9 conforme tipologicamente al contesto di riqualificazione che si vuole adottare; alla dismissione dell\u2019area giochi con eliminazione di tutti i giochi presenti; rimozione di tutta la cordolatura in elementi prefabbricati in calcestruzzo a delimitazione delle aiuole e dei percorsi pedonali, assenti in molteplici porzioni e non complanari ai percorsi.<\/p>\n\n<p>La riqualificazione \u00e8 stata realizzata grazie alla: piantumazione di nuove essenze arboree giovani e di minore sviluppo vegetativo, piantumazione di essenze arbustive o floreali con fioritura a scalare, realizzazione di impianto di irrigazione per le principali aree verdi del parco, collocamento dei nuovi elementi di arredo urbano, in numero e posizione sostanzialmente uguale allo stato attuale, salvo qualche integrazione nei pressi della futura zona giochi per bambini.<\/p>\n\n<p>In particolare \u00e8 stata realizzata la nuova area giochi per bambini, \u201cIl giardino di Betty\u201d, della dimensione di 230 mq, con predisposizione di superficie ad assorbimento sull\u2019intera area nel rispetto nella normativa, realizzata con getto in colato gommoso, a seguito di applicazione di primer poliuretanico su platea, in doppio strato di densit\u00e0 e granulometria differenziata e composta da stesura dello strato di base mediante un impasto di resine poliuretaniche monocomponenti miscelate a granuli di SBR, granulo di gomma nera naturale riciclata e successiva stesura per calpestio in miscela di granuli di gomma EPDM (Etilen Propilen Dien Monomero) dello spessore di mm 50.<\/p>\n\n<p>Sono state installate le attrezzature gioco conformi alle normative, costituite da impianto giochi inclusivo, con scivoli, dondolo a bilico su molle adatto anche a bambini con disabilit\u00e0, due altalene in alluminio con un seggiolino a gabbia per i pi\u00f9 piccoli, un seggiolino orsetto adatto ai pi\u00f9 piccoli ed ai bambini con disabilit\u00e0, e due seggiolini a tavoletta.<\/p>\n\n<p>Inoltre \u00e8 stata trattata la recinzione metallica esistente e due cancelli di ingresso al parco, per il<\/p>\n\n<p>ripristino delle caratteristiche qualitative e prestazionali ed \u00e8 stata realizzato un cordolo a delimitazione delle zone verdi e dei percorsi pedonali con profilo realizzato in estruso di alluminio formato da lamina centrale, parte arrotondata nella parte sommitale e freccia antisfilamento nella parte inferiore, colore corten.<\/p>\n\n<p>I lavori hanno riguardato la vangatura e semina a verde di tutte le aiuole, l\u2019integrazione di ghiaietto per il completo ripristino delle aree pedonali e di relax, la predisposizione di fontana pubblica nei pressi della zona gioco dei bambini e la realizzazione di griglia per raccolta acque piovane nei pressi dell\u2019ingresso sud del parco.<\/p>\n<p>[\/vc_column_text][\/vc_column][\/vc_row][vc_row][vc_column][vc_empty_space height=&#8221;50px&#8221;][\/vc_column][\/vc_row][vc_row][vc_column][vc_gallery type=&#8221;flexslider_slide&#8221; interval=&#8221;3&#8243; images=&#8221;1414,1415,1416,1417,1418&#8243; img_size=&#8221;full&#8221;][\/vc_column][\/vc_row]<\/p>\n<\/section>","protected":false},"excerpt":{"rendered":"<p>[vc_row][vc_column][vc_single_image image=&#8221;1412&#8243; img_size=&#8221;full&#8221; alignment=&#8221;center&#8221;][vc_empty_space height=&#8221;50px&#8221;][\/vc_column][\/vc_row][vc_row][vc_column][vc_column_text] 07.05.2022 Al parco John Lennon nasce Il parco giochi per bambini \u201cIl giardino di BETTY\u201d [\/vc_column_text][\/vc_column][\/vc_row][vc_row][vc_column][vc_column_text]Grande attesa, dopo i lavori di questi ultimi mesi, per l\u2019inaugurazione sabato 7 maggio, alle ore 10.00, dei Giardini pubblici \u201cJohn Lennon\u201d al cui interno \u00e8 stato anche realizzato il \u201cGiardino di Betty\u201d, parco giochi con la speciale pavimentazione realizzata con il riciclo di materiale sportivo esausto grazie all\u2019iniziativa esosport, che si occupa della raccolta in tutta Italia di scarpe sportive, copertoni e camere d\u2019aria di biciclette, palline da tennis e padel. Il progetto ha interessato la riqualificazione del parco [\u2026]<\/p>\n","protected":false},"author":1,"featured_media":0,"parent":0,"menu_order":0,"comment_status":"closed","ping_status":"closed","template":"","meta":[],"acf":[],"_links":{"self":[{"href":"https:\/\/www.gogreenonlus.com\/index.php\/wp-json\/wp\/v2\/pages\/1410"}],"collection":[{"href":"https:\/\/www.gogreenonlus.com\/index.php\/wp-json\/wp\/v2\/pages"}],"about":[{"href":"https:\/\/www.gogreenonlus.com\/index.php\/wp-json\/wp\/v2\/types\/page"}],"author":[{"embeddable":true,"href":"https:\/\/www.gogreenonlus.com\/index.php\/wp-json\/wp\/v2\/users\/1"}],"replies":[{"embeddable":true,"href":"https:\/\/www.gogreenonlus.com\/index.php\/wp-json\/wp\/v2\/comments?post=1410"}],"version-history":[{"count":3,"href":"https:\/\/www.gogreenonlus.com\/index.php\/wp-json\/wp\/v2\/pages\/1410\/revisions"}],"predecessor-version":[{"id":1419,"href":"https:\/\/www.gogreenonlus.com\/index.php\/wp-json\/wp\/v2\/pages\/1410\/revisions\/1419"}],"wp:attachment":[{"href":"https:\/\/www.gogreenonlus.com\/index.php\/wp-json\/wp\/v2\/media?parent=1410"}],"curies":[{"name":"wp","href":"https:\/\/api.w.org\/{rel}","templated":true}]}}