{"id":805,"date":"2021-12-20T12:05:19","date_gmt":"2021-12-20T11:05:19","guid":{"rendered":"https:\/\/www.gogreenonlus.com\/index.php\/homepage\/"},"modified":"2026-02-19T13:43:47","modified_gmt":"2026-02-19T12:43:47","slug":"homepage","status":"publish","type":"page","link":"https:\/\/www.gogreenonlus.com\/","title":{"rendered":"Homepage"},"content":{"rendered":"<section class=\"wpb-content-wrapper\"><p>[vc_row][vc_column parallax=&#8221;content-moving-fade&#8221; css_animation=&#8221;zoomIn&#8221;][vc_column_text]<\/p>\n<p style=\"text-align: center;\"><strong><span style=\"font-size: 24pt;\"><span style=\"color: #000080;\">COSA<\/span>\u00a0<span style=\"color: #99cc00;\">FACCIAMO<\/span><\/span><\/strong><\/p>\n<p style=\"text-align: center;\"><span style=\"font-size: 18pt;\">Crediamo <strong>nell\u2019economia circolare<\/strong> che rispetta le persone e l\u2019ambiente.<br \/>\nPer questo dall\u2019anno della nostra fondazione, nel 2010, sosteniamo iniziative di charity che mettono al centro solidariet\u00e0 e sostenibilit\u00e0 ambientale.<\/span>[\/vc_column_text][\/vc_column][\/vc_row][vc_row gap=&#8221;10&#8243; parallax=&#8221;content-moving&#8221; css_animation=&#8221;top-to-bottom&#8221;][vc_column width=&#8221;1\/5&#8243;][vc_single_image image=&#8221;1356&#8243; alignment=&#8221;center&#8221;][vc_column_text]<\/p>\n<p style=\"text-align: center;\"><span style=\"color: #000080; font-size: 18pt;\"><strong>COME OPERIAMO<\/strong><\/span><\/p>\n<p>[\/vc_column_text][vc_column_text]<\/p>\n<p style=\"text-align: left;\" data-start=\"140\" data-end=\"701\">Collaboriamo con <strong data-start=\"157\" data-end=\"184\">ESO Societ\u00e0 Benefit arl<\/strong>, un\u2019azienda specializzata nella gestione sostenibile dei rifiuti da ufficio e nella consulenza ambientale, per promuovere pratiche virtuose e responsabili. Insieme portiamo avanti il progetto <a href=\"https:\/\/www.esosport.it\/\" target=\"_blank\" rel=\"noopener\"><strong data-start=\"377\" data-end=\"389\">esosport<\/strong><\/a>, attivo su tutto il territorio nazionale, che si occupa della raccolta e del riciclo di materiale sportivo esausto \u2013 come scarpe da ginnastica, camere d\u2019aria, copertoni di biciclette, palline da tennis e padel \u2013 con l\u2019obiettivo di dare nuova vita a oggetti non pi\u00f9 utilizzabili, trasformandoli in risorse utili.Collaboriamo inoltre al progetto <strong data-start=\"736\" data-end=\"752\">Back to Work<\/strong>, finalizzato al ritiro e al recupero dei <strong data-start=\"794\" data-end=\"841\">DPI (Dispositivi di Protezione Individuale)<\/strong> usati, come caschi, guanti e indumenti da lavoro. Questi materiali vengono poi trattati da <strong data-start=\"933\" data-end=\"970\">ESO RECYCLING Societ\u00e0 Benefit arl<\/strong>, che li rigenera trasformandoli da rifiuti in materia prima seconda, riutilizzabile per la produzione di nuovi oggetti destinati alla casa, allo sport, al tempo libero e anche al settore della moda. Attraverso queste iniziative, sosteniamo un modello di economia circolare che riduce l\u2019impatto ambientale e valorizza il riuso dei materiali, contribuendo concretamente a un futuro pi\u00f9 sostenibile.<\/p>\n<p>[\/vc_column_text][\/vc_column][vc_column width=&#8221;1\/5&#8243;][vc_single_image image=&#8221;1357&#8243; alignment=&#8221;center&#8221;][vc_column_text]<\/p>\n<p style=\"text-align: center;\"><span style=\"color: #000080; font-size: 18pt;\"><strong>A CHE SCOPO<\/strong><\/span><\/p>\n<p>[\/vc_column_text][vc_column_text]<\/p>\n<p style=\"text-align: left;\" data-start=\"106\" data-end=\"566\">Dal processo di riciclo dei materiali sportivi esausti nasce un nuovo materiale sostenibile: un granulo tecnico, resistente ed elastico, che viene impiegato per la realizzazione di pavimentazioni antitrauma, pensate per garantire sicurezza in aree gioco, parchi pubblici e piste di atletica. Questo materiale rappresenta il punto di arrivo di un ciclo virtuoso in cui il rifiuto si trasforma in risorsa, offrendo benefici concreti all\u2019ambiente e alla comunit\u00e0.La nostra associazione supporta attivamente questo percorso attraverso una raccolta fondi dedicata, il cui obiettivo \u00e8 finanziare la costruzione dei <strong data-start=\"717\" data-end=\"738\">Giardini di Betty<\/strong> e delle <strong data-start=\"747\" data-end=\"766\">Piste di Pietro<\/strong>: due iniziative simboliche e diffuse su tutto il territorio nazionale, che uniscono sport, inclusione, sostenibilit\u00e0 e riqualificazione urbana. Ogni giardino e ogni pista raccontano una storia di impegno e rinascita, dando nuova vita a spazi pubblici e promuovendo uno stile di vita sano e rispettoso dell\u2019ambiente.<\/p>\n<p>[\/vc_column_text][\/vc_column][vc_column width=&#8221;1\/5&#8243;][vc_single_image image=&#8221;1358&#8243; alignment=&#8221;center&#8221;][vc_column_text]<\/p>\n<p style=\"text-align: center;\"><span style=\"font-size: 16pt; color: #000080;\"><strong>I NOSTRI PROGETTI<\/strong><\/span><\/p>\n<p>[\/vc_column_text][vc_column_text]<\/p>\n<p style=\"text-align: left;\" align=\"justify\">I Giardini di Betty sono parchi gioco realizzati per valorizzare spazi cittadini dedicati ai bambini. Sono dedicati a Elisabetta Salvioni Meletiou, che ha affiancato il marito nell\u2019ideazione e nella gestione del progetto <a href=\"https:\/\/www.esosport.it\/\" target=\"_blank\" rel=\"noopener\"><strong>esosport<\/strong><\/a> sino al 2 luglio 2011, giorno della sua prematura scomparsa. \u201cIl Giardino di Betty\u201d \u00e8 oggi una bella realt\u00e0 in diverse citt\u00e0 del territorio italiano in cui la solidariet\u00e0 si coniuga con il rispetto dell\u2019ambiente. Il progetto\u00a0prevede la creazione o la riqualificazione di parchi giochi, realizzati con la pavimentazione\u00a0antitrauma\u00a0generata dal processo di\u00a0<strong>riciclo di scarpe sportive esauste, palline da tennis e padel, copertoni e camere d\u2019aria di biciclette<\/strong>.<\/p>\n<p style=\"text-align: left;\" align=\"justify\">La Pista di Filippide. La nostra pista viene realizzata con <strong>gomma riciclata<\/strong>\u00a0di alta qualit\u00e0 proveniente da\u00a0<strong>vecchie scarpe da ginnastica<\/strong>. Attraverso il riutilizzo di materiali, lanciamo un messaggio di protezione ambientale e\u00a0contribuiamo a ridurre i rifiuti. L\u2019uso di gomma riciclata non solo offre una\u00a0soluzione ecologica, ma garantisce anche una\u00a0superficie di corsa ottimale, che combina\u00a0aderenza e ammortizzazione.<\/p>\n<p>[\/vc_column_text][\/vc_column][vc_column width=&#8221;1\/5&#8243;][vc_single_image image=&#8221;1272&#8243; img_size=&#8221;medium&#8221; alignment=&#8221;center&#8221;][vc_column_text]<\/p>\n<p style=\"text-align: center;\"><span style=\"color: #000080; font-size: 18pt;\"><strong>COLLABORA<\/strong><\/span><\/p>\n<p>[\/vc_column_text][vc_column_text]<\/p>\n<p style=\"text-align: left;\" data-start=\"108\" data-end=\"580\"><strong data-start=\"108\" data-end=\"164\">Cosa puoi fare per sostenere la nostra Associazione?<\/strong><br data-start=\"164\" data-end=\"167\" \/>Puoi iniziare da un piccolo gesto concreto: raccogli le tue scarpe sportive usate, le palline da tennis e padel non pi\u00f9 utilizzabili, i copertoni usurati o le camere d\u2019aria forate della tua bici, e cerca il punto <a href=\"https:\/\/www.esosport.it\/\" target=\"_blank\" rel=\"noopener\"><strong data-start=\"380\" data-end=\"392\">esosport<\/strong><\/a> pi\u00f9 vicino a te. Una volta individuato, potrai depositare tutto il materiale in un <strong data-start=\"476\" data-end=\"486\">ESObox<\/strong>, contribuendo direttamente al processo di riciclo e al riutilizzo responsabile dei materiali. Ma puoi fare anche di pi\u00f9. Puoi diventare parte attiva del cambiamento semplicemente <strong data-start=\"667\" data-end=\"692\">parlando del progetto<\/strong>: raccontalo a un amico, a un collega, agli insegnanti dei tuoi figli o persino a un assessore del tuo Comune. Ogni condivisione pu\u00f2 fare la differenza, aiutandoci a diffondere i nostri valori e ad ampliare la rete di chi crede in un futuro pi\u00f9 sostenibile. Infine, se lo desideri, puoi anche <strong data-start=\"986\" data-end=\"1053\">sostenere direttamente la nostra Associazione con una donazione<\/strong>, contribuendo alla realizzazione dei nostri progetti ambientali e sociali in tutta Italia. Anche il pi\u00f9 piccolo aiuto pu\u00f2 avere un grande impatto.<\/p>\n<p>[\/vc_column_text][\/vc_column][vc_column width=&#8221;1\/5&#8243;][vc_single_image image=&#8221;1268&#8243; img_size=&#8221;medium&#8221; alignment=&#8221;center&#8221;][vc_column_text]<\/p>\n<p style=\"text-align: center;\"><span style=\"font-size: 18pt; color: #000080;\"><strong>PARTECIPA<\/strong><\/span><\/p>\n<p>[\/vc_column_text][vc_column_text]<\/p>\n<p style=\"text-align: left;\" data-start=\"74\" data-end=\"461\"><strong data-start=\"74\" data-end=\"123\">Partecipa attivamente alle nostre iniziative!<\/strong><br data-start=\"123\" data-end=\"126\" \/>Seguici sulle nostre pagine <em><a href=\"https:\/\/www.facebook.com\/gogreenonlus\/\" target=\"_blank\" rel=\"noopener\">Facebook<\/a><\/em> e <em><a href=\"https:\/\/it.linkedin.com\/company\/gogreen-onlus\" target=\"_blank\" rel=\"noopener\">LinkedIn<\/a><\/em> per restare sempre aggiornato su ci\u00f2 che stiamo facendo: eventi, raccolte fondi, attivit\u00e0 locali e novit\u00e0 legate ai nostri progetti. Scoprirai come, con il tuo contributo, possiamo realizzare insieme il prossimo <strong data-start=\"386\" data-end=\"407\">Giardino di Betty<\/strong> \u2013 magari proprio nella tua citt\u00e0 o nel tuo quartiere. Ogni iniziativa \u00e8 un\u2019occasione per fare qualcosa di concreto e significativo: un gesto importante non solo per l\u2019ambiente, ma anche per le persone che vivono e condividono questi spazi. Partecipare \u00e8 semplice, ma pu\u00f2 avere un grande impatto. Unisciti a noi e diventa parte del cambiamento.<\/p>\n<p>[\/vc_column_text][\/vc_column][\/vc_row][vc_row][vc_column width=&#8221;1\/4&#8243;][\/vc_column][vc_column width=&#8221;1\/4&#8243;][vc_single_image image=&#8221;1697&#8243; img_size=&#8221;medium&#8221; alignment=&#8221;center&#8221; style=&#8221;vc_box_shadow_border&#8221; onclick=&#8221;custom_link&#8221; img_link_target=&#8221;_blank&#8221; css_animation=&#8221;bounceIn&#8221; link=&#8221;https:\/\/www.gogreenonlus.com\/index.php\/progetti-in-corso\/&#8221;][vc_empty_space height=&#8221;80px&#8221;][\/vc_column][vc_column width=&#8221;1\/4&#8243;][vc_single_image image=&#8221;1698&#8243; img_size=&#8221;medium&#8221; alignment=&#8221;center&#8221; style=&#8221;vc_box_shadow_border&#8221; css_animation=&#8221;bounceIn&#8221;][\/vc_column][vc_column width=&#8221;1\/4&#8243;][\/vc_column][\/vc_row][vc_row parallax=&#8221;content-moving-fade&#8221; css_animation=&#8221;fadeInLeft&#8221; css=&#8221;.vc_custom_1768302170808{margin-top: 0px !important;margin-right: 0px !important;margin-bottom: 0px !important;margin-left: 0px !important;border-top-width: 0px !important;border-right-width: 0px !important;border-bottom-width: 0px !important;border-left-width: 0px !important;padding-top: 0px !important;padding-right: 0px !important;padding-bottom: 0px !important;padding-left: 0px !important;background-color: #000080 !important;border-left-color: #ffffff !important;border-left-style: solid !important;border-right-color: #ffffff !important;border-right-style: solid !important;border-top-color: #ffffff !important;border-top-style: solid !important;border-bottom-color: #ffffff !important;border-bottom-style: solid !important;border-radius: 2px !important;}&#8221;][vc_column css=&#8221;.vc_custom_1768302154878{margin-top: 0px !important;margin-right: 0px !important;margin-bottom: 0px !important;margin-left: 0px !important;border-top-width: 0px !important;border-right-width: 0px !important;border-bottom-width: 0px !important;border-left-width: 0px !important;padding-top: 0px !important;padding-right: 0px !important;padding-bottom: 0px !important;padding-left: 0px !important;}&#8221;][vc_column_text css=&#8221;.vc_custom_1768302224097{margin-top: 0px !important;margin-right: 0px !important;margin-bottom: 0px !important;margin-left: 0px !important;border-top-width: 0px !important;border-right-width: 0px !important;border-bottom-width: 0px !important;border-left-width: 0px !important;padding-top: 0px !important;padding-right: 0px !important;padding-bottom: 0px !important;padding-left: 0px !important;}&#8221;]<\/p>\n<p style=\"text-align: center;\"><a href=\"https:\/\/www.esosport.it\/il-giardino-di-betty\/\" target=\"_blank\" rel=\"noopener\"><strong><span style=\"font-size: 24pt;\"><span style=\"color: #ffffff;\">ABBIAMO<\/span> <span style=\"color: #99cc00;\">REALIZZATO<\/span><\/span><\/strong><\/a><\/p>\n<p>[\/vc_column_text][\/vc_column][\/vc_row][vc_row][vc_column width=&#8221;1\/4&#8243;][vc_column_text]<\/p>\n<p style=\"text-align: center;\"><span style=\"font-size: 14pt;\"><strong><span style=\"color: #000080;\">PARCHI GIOCO COMUNALI<\/span><\/strong><\/span><\/p>\n<p>[\/vc_column_text][vc_empty_space height=&#8221;0&#8243;][vc_single_image image=&#8221;1368&#8243; img_size=&#8221;medium&#8221; alignment=&#8221;center&#8221; onclick=&#8221;custom_link&#8221; img_link_target=&#8221;_blank&#8221; link=&#8221;https:\/\/www.esosport.it\/il-giardino-di-betty\/&#8221;][\/vc_column][vc_column width=&#8221;1\/4&#8243;][vc_column_text]<\/p>\n<p style=\"text-align: center;\"><strong><span style=\"color: #000080; font-size: 14pt;\">INIZIATIVE DI SOSTEGNO<\/span><\/strong><\/p>\n<p>[\/vc_column_text][vc_empty_space height=&#8221;0&#8243;][vc_single_image image=&#8221;1369&#8243; img_size=&#8221;medium&#8221; alignment=&#8221;center&#8221; onclick=&#8221;custom_link&#8221; img_link_target=&#8221;_blank&#8221; link=&#8221;https:\/\/www.esosport.it\/il-giardino-di-betty\/&#8221;][\/vc_column][vc_column width=&#8221;1\/4&#8243;][vc_column_text]<\/p>\n<p style=\"text-align: center;\"><span style=\"font-size: 14pt;\"><strong><span style=\"color: #000080;\">PARCHI GIOCO PRIVATI<\/span><\/strong><\/span><\/p>\n<p>[\/vc_column_text][vc_empty_space height=&#8221;0&#8243;][vc_single_image image=&#8221;1367&#8243; img_size=&#8221;medium&#8221; alignment=&#8221;center&#8221; onclick=&#8221;custom_link&#8221; img_link_target=&#8221;_blank&#8221; link=&#8221;https:\/\/www.esosport.it\/il-giardino-di-betty\/&#8221;][\/vc_column][vc_column width=&#8221;1\/4&#8243;][vc_column_text]<\/p>\n<p style=\"text-align: center;\"><span style=\"font-size: 14pt;\"><strong><span style=\"color: #333399;\">PISTE D&#8217;ATLETICA<\/span><\/strong><\/span><\/p>\n<p>[\/vc_column_text][vc_empty_space height=&#8221;0&#8243;][vc_single_image image=&#8221;1366&#8243; img_size=&#8221;medium&#8221; alignment=&#8221;center&#8221; onclick=&#8221;custom_link&#8221; img_link_target=&#8221;_blank&#8221; link=&#8221;https:\/\/www.esosport.it\/la-pista-di-pietro\/&#8221;][\/vc_column][\/vc_row][vc_row][vc_column][vc_empty_space height=&#8221;20px&#8221;][vc_empty_space height=&#8221;20px&#8221;][vc_empty_space height=&#8221;20px&#8221;][vc_column_text]<\/p>\n<p style=\"text-align: center;\"><strong><span style=\"font-size: 24pt;\"><span style=\"color: #000080;\">A PROPOSITO<\/span><span style=\"color: #99cc00;\"> DI NOI<\/span><\/span><\/strong><\/p>\n<p style=\"text-align: center;\"><a href=\"https:\/\/www.gogreenonlus.com\/index.php\/news\/\"><img decoding=\"async\" loading=\"lazy\" class=\"alignnone size-medium wp-image-1274\" src=\"http:\/\/www.gogreenonlus.com\/wp-content\/uploads\/2022\/05\/Risorsa-6-300x153.png\" alt=\"\" width=\"300\" height=\"153\" srcset=\"https:\/\/www.gogreenonlus.com\/wp-content\/uploads\/2022\/05\/Risorsa-6-300x153.png 300w, https:\/\/www.gogreenonlus.com\/wp-content\/uploads\/2022\/05\/Risorsa-6.png 509w\" sizes=\"(max-width: 300px) 100vw, 300px\" \/><\/a><\/p>\n<p>[\/vc_column_text][\/vc_column][\/vc_row]<\/p>\n<\/section>","protected":false},"excerpt":{"rendered":"<p>[vc_row][vc_column parallax=&#8221;content-moving-fade&#8221; css_animation=&#8221;zoomIn&#8221;][vc_column_text] COSA\u00a0FACCIAMO Crediamo nell\u2019economia circolare che rispetta le persone e l\u2019ambiente. Per questo dall\u2019anno della nostra fondazione, nel 2010, sosteniamo iniziative di charity che mettono al centro solidariet\u00e0 e sostenibilit\u00e0 ambientale.[\/vc_column_text][\/vc_column][\/vc_row][vc_row gap=&#8221;10&#8243; parallax=&#8221;content-moving&#8221; css_animation=&#8221;top-to-bottom&#8221;][vc_column width=&#8221;1\/5&#8243;][vc_single_image image=&#8221;1356&#8243; alignment=&#8221;center&#8221;][vc_column_text] COME OPERIAMO [\/vc_column_text][vc_column_text] Collaboriamo con ESO Societ\u00e0 Benefit arl, un\u2019azienda specializzata nella gestione sostenibile dei rifiuti da ufficio e nella consulenza ambientale, per promuovere pratiche virtuose e responsabili. Insieme portiamo avanti il progetto esosport, attivo su tutto il territorio nazionale, che si occupa della raccolta e del riciclo di materiale sportivo esausto \u2013 come scarpe da ginnastica, camere d\u2019aria, copertoni di [\u2026]<\/p>\n","protected":false},"author":1,"featured_media":0,"parent":0,"menu_order":0,"comment_status":"closed","ping_status":"closed","template":"","meta":[],"acf":[],"_links":{"self":[{"href":"https:\/\/www.gogreenonlus.com\/index.php\/wp-json\/wp\/v2\/pages\/805"}],"collection":[{"href":"https:\/\/www.gogreenonlus.com\/index.php\/wp-json\/wp\/v2\/pages"}],"about":[{"href":"https:\/\/www.gogreenonlus.com\/index.php\/wp-json\/wp\/v2\/types\/page"}],"author":[{"embeddable":true,"href":"https:\/\/www.gogreenonlus.com\/index.php\/wp-json\/wp\/v2\/users\/1"}],"replies":[{"embeddable":true,"href":"https:\/\/www.gogreenonlus.com\/index.php\/wp-json\/wp\/v2\/comments?post=805"}],"version-history":[{"count":122,"href":"https:\/\/www.gogreenonlus.com\/index.php\/wp-json\/wp\/v2\/pages\/805\/revisions"}],"predecessor-version":[{"id":1865,"href":"https:\/\/www.gogreenonlus.com\/index.php\/wp-json\/wp\/v2\/pages\/805\/revisions\/1865"}],"wp:attachment":[{"href":"https:\/\/www.gogreenonlus.com\/index.php\/wp-json\/wp\/v2\/media?parent=805"}],"curies":[{"name":"wp","href":"https:\/\/api.w.org\/{rel}","templated":true}]}}